{"id":1271,"date":"2010-10-28T18:45:32","date_gmt":"2010-10-28T16:45:32","guid":{"rendered":"http:\/\/wp1180065.server-he.de\/wordpress\/rockwerkstatt\/?page_id=1271"},"modified":"2022-11-21T23:14:24","modified_gmt":"2022-11-21T22:14:24","slug":"anfahrt","status":"publish","type":"page","link":"https:\/\/www.rockwerkstatt.de\/?page_id=1271","title":{"rendered":"Anfahrt"},"content":{"rendered":"<p><a href=\"http:\/\/wp1180065.server-he.de\/wordpress\/rockwerkstatt\/wp-content\/uploads\/2010\/10\/Schild_Anfahrt.jpg\"><img loading=\"lazy\" decoding=\"async\" class=\"alignleft size-medium wp-image-1279\" title=\"Schild_Anfahrt\" src=\"http:\/\/wp1180065.server-he.de\/wordpress\/rockwerkstatt\/wp-content\/uploads\/2010\/10\/Schild_Anfahrt-300x148.jpg\" alt=\"\" width=\"300\" height=\"148\" srcset=\"https:\/\/www.rockwerkstatt.de\/wp-content\/uploads\/2010\/10\/Schild_Anfahrt-300x148.jpg 300w, https:\/\/www.rockwerkstatt.de\/wp-content\/uploads\/2010\/10\/Schild_Anfahrt.jpg 600w\" sizes=\"auto, (max-width: 300px) 100vw, 300px\" \/><\/a>Der Schlachthof ist leicht zu erreichen und liegt sehr\u00a0 verkehrsg\u00fcnstig in der N\u00e4he des Autobahnzubringers B36\/B415. Die Ausfahrten sind gut ausgeschildert. Parkpl\u00e4tze sind vorhanden &#8211; bei gro\u00dfem Zusschauerandrang kann man bequem auf dem Parkplatz eines gro\u00dfen Einkaufszentrums parken (2 Min. Fu\u00dfweg).<\/p>\n<p>Adresse: Dreyspringstr. 16, 77933 Lahr<\/p>\n<p>Google Maps: <a title=\"Google Maps Karte Schlachthof\" href=\"https:\/\/www.google.de\/maps\/place\/Schlachthof+-+Jugend+%26+Kultur\/@48.2817764,7.882631,12z\/data=!4m5!3m4!1s0x0:0x72b51270720a1576!8m2!3d48.33832!4d7.8598\" target=\"_blank\" rel=\"noopener\">Hier klicken<\/a><\/p>\n<p><a href=\"http:\/\/wp1180065.server-he.de\/wordpress\/rockwerkstatt\/wp-content\/uploads\/2010\/10\/SH-Anfahrt1klein.jpg\"><img loading=\"lazy\" decoding=\"async\" class=\"alignleft size-full wp-image-1280\" title=\"Anfahrtsskizze\" src=\"http:\/\/wp1180065.server-he.de\/wordpress\/rockwerkstatt\/wp-content\/uploads\/2010\/10\/SH-Anfahrt1klein.jpg\" alt=\"\" width=\"440\" height=\"300\" srcset=\"https:\/\/www.rockwerkstatt.de\/wp-content\/uploads\/2010\/10\/SH-Anfahrt1klein.jpg 440w, https:\/\/www.rockwerkstatt.de\/wp-content\/uploads\/2010\/10\/SH-Anfahrt1klein-300x204.jpg 300w\" sizes=\"auto, (max-width: 440px) 100vw, 440px\" \/><\/a><\/p>\n","protected":false},"excerpt":{"rendered":"<p>Der Schlachthof ist leicht zu erreichen und liegt sehr\u00a0 verkehrsg\u00fcnstig&#8230;<\/p>\n","protected":false},"author":2,"featured_media":0,"parent":1268,"menu_order":200,"comment_status":"closed","ping_status":"closed","template":"","meta":{"footnotes":"","_links_to":"","_links_to_target":""},"class_list":["post-1271","page","type-page","status-publish","hentry","wpcat-1-id"],"_links":{"self":[{"href":"https:\/\/www.rockwerkstatt.de\/index.php?rest_route=\/wp\/v2\/pages\/1271","targetHints":{"allow":["GET"]}}],"collection":[{"href":"https:\/\/www.rockwerkstatt.de\/index.php?rest_route=\/wp\/v2\/pages"}],"about":[{"href":"https:\/\/www.rockwerkstatt.de\/index.php?rest_route=\/wp\/v2\/types\/page"}],"author":[{"embeddable":true,"href":"https:\/\/www.rockwerkstatt.de\/index.php?rest_route=\/wp\/v2\/users\/2"}],"replies":[{"embeddable":true,"href":"https:\/\/www.rockwerkstatt.de\/index.php?rest_route=%2Fwp%2Fv2%2Fcomments&post=1271"}],"version-history":[{"count":18,"href":"https:\/\/www.rockwerkstatt.de\/index.php?rest_route=\/wp\/v2\/pages\/1271\/revisions"}],"predecessor-version":[{"id":5801,"href":"https:\/\/www.rockwerkstatt.de\/index.php?rest_route=\/wp\/v2\/pages\/1271\/revisions\/5801"}],"up":[{"embeddable":true,"href":"https:\/\/www.rockwerkstatt.de\/index.php?rest_route=\/wp\/v2\/pages\/1268"}],"wp:attachment":[{"href":"https:\/\/www.rockwerkstatt.de\/index.php?rest_route=%2Fwp%2Fv2%2Fmedia&parent=1271"}],"curies":[{"name":"wp","href":"https:\/\/api.w.org\/{rel}","templated":true}]}}