{"id":3005,"date":"2013-12-01T17:40:12","date_gmt":"2013-12-01T16:40:12","guid":{"rendered":"http:\/\/wp1180065.server-he.de\/wordpress\/rockwerkstatt\/?page_id=3005"},"modified":"2022-11-21T23:14:42","modified_gmt":"2022-11-21T22:14:42","slug":"newsletter-bestellen","status":"publish","type":"page","link":"https:\/\/www.rockwerkstatt.de\/?page_id=3005","title":{"rendered":"Newsletter"},"content":{"rendered":"<p><script type=\"text\/javascript\">\/\/ <![CDATA[\nwindow.jQuery || document.write('<script type=\"text\/javascript\" src=\"\/\/ajax.googleapis.com\/ajax\/libs\/jquery\/1.4.2\/jquery.min.js\"><\\\/script>')\n\/\/ ]]><\/script><br \/>\nDu m\u00f6chtest immer \u00fcber unsere Veranstaltungen informiert werden? Hier kannst du unseren Newsletter bestellen. Trage einfach deine Mailadresse ins folgende Feld ein &#8211; du bekommst dann einen Anmeldelink per Mail, denn du nur noch best\u00e4tigen musst.<br \/>\n<script type=\"text\/javascript\">\/\/ <![CDATA[\nvar $cr=jQuery.noConflict();var old_src;$cr(document).ready(function(){$cr(\".cr_form\").submit(function(){$cr(this).find('.clever_form_error').removeClass('clever_form_error');$cr(this).find('.clever_form_note').remove();$cr(this).find(\".musthave\").find('input, textarea').each(function(){if(jQuery.trim($cr(this).val())==\"\"||($cr(this).is(':checkbox'))||($cr(this).is(':radio'))){if($cr(this).is(':checkbox')||($cr(this).is(':radio'))){if(!$cr(this).parent().find(\":checked\").is(\":checked\")){$cr(this).parent().addClass('clever_form_error')}}else{$cr(this).addClass('clever_form_error')}}});if($cr(this).attr(\"action\").search(document.domain)>0&#038;&#038;$cr(\".cr_form\").attr(\"action\").search(\"wcs\")>0){var cr_email=$cr(this).find('input[name=email]');var unsub=false;if($cr(\"input['name=cr_subunsubscribe'][value='false']\").length){if($cr(\"input['name=cr_subunsubscribe'][value='false']\").is(\":checked\")){unsub=true}}if(cr_email.val()&#038;&#038;!unsub){$cr.ajax({type:\"GET\",url:$cr(\".cr_form\").attr(\"action\").replace(\"wcs\",\"check_email\")+$cr(this).find('input[name=email]').val(),success:function(data){if(data){cr_email.addClass('clever_form_error').before(\"\n\n\n<div class='clever_form_note cr_font'>\"+data+\"<\/div>\n\n\n\n\n<p>\");return false}},async:false})}var cr_captcha=$cr(this).find('input[name=captcha]');if(cr_captcha.val()){$cr.ajax({type:\"GET\",url:$cr(\".cr_form\").attr(\"action\").replace(\"wcs\",\"check_captcha\")+$cr(this).find('input[name=captcha]').val(),success:function(data){if(data){cr_captcha.addClass('clever_form_error').after(\"\n\n\n<div style='display:block' class='clever_form_note cr_font'>\"+data+\"<\/div>\n\n\n\n\n<p>\");return false}},async:false})}}if($cr(this).find('.clever_form_error').length){return false}return true});$cr('input[class*=\"cr_number\"]').change(function(){if(isNaN($cr(this).val())){$cr(this).val(1)}if($cr(this).attr(\"min\")){if(($cr(this).val()*1)<($cr(this).attr(\"min\")*1)){$cr(this).val($cr(this).attr(\"min\"))}}if($cr(this).attr(\"max\")){if(($cr(this).val()*1)>($cr(this).attr(\"max\")*1)){$cr(this).val($cr(this).attr(\"max\"))}}});old_src=$cr(\"div[rel='captcha'] img\").attr(\"src\");if($cr(\"div[rel='captcha'] img\").length!=0){captcha_reload()}});function captcha_reload(){var timestamp=new Date().getTime();$cr(\"div[rel='captcha'] img\").attr(\"src\",\"\");$cr(\"div[rel='captcha'] img\").attr(\"src\",old_src+\"?t=\"+timestamp);return false}<br \/>\n\/\/ ]]><\/script><\/p>\n<p><!--\n.cr_site{margin:0;padding:75px 0 0 0;text-align:center;background-color:#eeeeee;}\n.cr_font{font-size: 14px;font-family: Arial;}\n.cr_body h2, .cr_header h2{font-size:22px;line-height:28px;margin:0 0 10px 0;}\n.cr_body h1, .cr_header h2{font-size:28px;margin-bottom:15px;padding:0;margin-top:0;}\n.wrapper, .cr_page{margin:0 auto 10px auto;text-align:left;border-radius:4px;}\n.cr_header{text-align:center;background: transparent !Important;}\n.cr_body label{float:none;clear:both;display:block;width:auto;margin-top:8px;text-align:left;font-weight:bold;position:relative;}\n.cr_button{display:inline-block;font-family:'Helvetica', Arial, sans-serif;width:auto;white-space:nowrap;height:32px;margin:5px 5px 0 0;padding:0 22px;text-decoration:none;text-align:center;font-weight:bold;font-style:normal;font-size:15px;line-height:32px;cursor:pointer;border:0;-moz-border-radius:4px;border-radius:4px;-webkit-border-radius:4px;vertical-align:top;}\n.cr_button{background-color:#333;color:#ffffff;}\n.cr_button:hover,.cr_button-small:hover{opacity:0.7;filter:alpha(opacity=70);}\n.powered{padding:20px 0;width:560px;margin:0 auto;}\n.formbox{line-height:150%;font-family:Helvetica;font-size:12px;color:#333333;padding:20px;background-color:#ffffff;border-radius: 6px 6px 6px 6px;}\n.cr_ipe_item label{line-height:150%;font-size:14px;}\n.cr_ipe_item textarea {background: none repeat scroll 0 0 #eeeeee;border: 1px solid #aaa;font-family: Helvetica;font-size: 16px;}\n.cr_ipe_item input {background: none repeat scroll 0 0 #eeeeee;border: 1px solid #aaa;padding: 5px;font-family: Helvetica;font-size: 16px;}\n.cr_ipe_item select {background: none repeat scroll 0 0 #eeeeee;border: 1px solid #aaa;display: block;margin: 0;padding: 5px;width: 100%;font-family: Helvetica;font-size: 16px;}\n.cr_ipe_item input.cr_ipe_radio, input.cr_ipe_checkbox {-moz-binding: none;-moz-box-sizing: border-box;background-color: -moz-field !important;border: 2px inset threedface !important;color: -moz-fieldtext !important;cursor: default;height: 13px;padding: 0 !important;width: 13px;}\n.cr_ipe_item input.cr_ipe_radio{-moz-appearance: radio;border-radius: 100% 100% 100% 100% !important;margin: 3px 3px 0 5px;}\n.submit_container{text-align:center}\n.cr_ipe_item{ padding:1px 10px; margin:1px 10px; }\n.cr_ipe_item.inactive {display:none;}\n.imprint{font-size:0.8em;}\n.cr_captcha{padding-left:130px;}\n.cr_error{font-size:1.1em;padding:10px;}\n.clever_form_error{background-color:#f99; color:#000; border:1px solid #f22 !important}\n.clever_form_note {margin:26px 0 0 3px;position:absolute;display:inline; padding: 2px 4px; font-weight:bold;background-color:#f2ecb5; color:#000; font-size:12px !important;  }\n.cr_site {background-color:#eee;}\n.cr_header {color:#000000;}\n.cr_body {background-color:#ffffff;font-size:12px;color:#000000;}\n.cr_hr {background-color:#ccc;}\n.cr_site a {color:#0084ff;}\n.imprint{color:#000;}\n\n--><\/p>\n<p><!--\n.cr_site {background-color:#e05f0b;}\n.cr_body {color:#000000;background-color:#fff;}\n.cr_header {color:#ffffff;}\n.cr_hr {background-color:#ccc;}\n.cr_site a {color:#0084ff;}\n.imprint {color:#fff;}\n.cr_page {width:640px;}\n\n--><\/p>\n<form class=\"layout_form cr_form cr_font\" action=\"http:\/\/52538.seu1.cleverreach.com\/f\/52538-114770\/wcs\/\" method=\"post\">\n<div class=\"cr_body cr_page cr_font formbox\">\n<div class=\"non_sortable\" style=\"text-align: left;\"><\/div>\n<div class=\"editable_content\" style=\"text-align: left;\">\n<div id=\"2314832\" class=\"cr_ipe_item ui-sortable musthave\" style=\"margin-bottom: px;\"><label class=\"itemname\" for=\"text2314832\">E-Mail*<\/label> <input id=\"text2314832\" style=\"width: 100%;\" name=\"email\" type=\"text\" \/><\/div>\n<div id=\"2314834\" class=\"cr_ipe_item ui-sortable submit_container\" style=\"text-align: center; margin-bottom: px;\"><button class=\"cr_button\">Anmelden<\/button><\/div>\n<\/div>\n<p><noscript><a href=\"http:\/\/www.cleverreach.de\">www.CleverReach.de<\/a><\/noscript><\/p>\n<\/div>\n<div class=\"badge cr_page cr_body\" style=\"text-align: center; border: none !Important; background: transparent !Important;\"><a href=\"http:\/\/www.cleverreach.de\/\" target=\"_blank\" rel=\"noopener\"><img decoding=\"async\" src=\"http:\/\/www.cleverreach.de\/cr3_images\/badget1.png\" alt=\"\" border=\"0\" \/><\/a><\/div>\n<\/form>\n<p>Hier der Direktlink wenn das Formular nicht gehen sollte: <a href=\"http:\/\/52538.seu1.cleverreach.com\/f\/52538-114770\/\">Newsletter Anmeldung<\/a><\/p>\n<p>Mit der Anmeldung zum Newsletter willige ich \u2013 jederzeit widerruflich \u2013 in die Verarbeitung meines Namens \/ E-Mail-Anschrift zum Zwecke des regelm\u00e4\u00dfigen Erhalts des Rockwerkstatt Newsletters ein. Rechtsgrundlage ist: Art. 6 Abs. 1 S 1 lit a DSGVO. Ich bin \u00fcber 16 Jahre alt, andernfalls erkl\u00e4re ich, dass meine Eltern einverstanden sind. Die Daten werden von uns nicht an Dritte weiter gegeben. Wir weisen darauf hin, dass wir Ihr Nutzerverhalten beim Bezug des Newsletters auswerten. Sie haben folgende Rechte in Bezug auf Ihre personenbezogenen Daten: Widerruf, Auskunft, Berichtigung und Vervollst\u00e4ndigung, L\u00f6schung, Einschr\u00e4nkung, Erhalt einer geordneten Aufstellung und\/oder Widerspruch gegen\u00fcber der Aufsichtsbeh\u00f6rde (Art.7. Abs. 3, 15-18, 20 und 77 DSGVO). Ihre Daten l\u00f6schen wir auf Ihren Wunsch oder nach Ablauf gesetzlicher L\u00f6schungsfristen. In jedem Newsletter ist am Ende ein Abmeldelink vorhanden.<\/p>\n","protected":false},"excerpt":{"rendered":"<p>Du m\u00f6chtest immer \u00fcber unsere Veranstaltungen informiert werden? Hier kannst&#8230;<\/p>\n","protected":false},"author":2,"featured_media":0,"parent":0,"menu_order":100,"comment_status":"closed","ping_status":"closed","template":"","meta":{"footnotes":"","_links_to":"","_links_to_target":""},"class_list":["post-3005","page","type-page","status-publish","hentry","wpcat-1-id"],"_links":{"self":[{"href":"https:\/\/www.rockwerkstatt.de\/index.php?rest_route=\/wp\/v2\/pages\/3005","targetHints":{"allow":["GET"]}}],"collection":[{"href":"https:\/\/www.rockwerkstatt.de\/index.php?rest_route=\/wp\/v2\/pages"}],"about":[{"href":"https:\/\/www.rockwerkstatt.de\/index.php?rest_route=\/wp\/v2\/types\/page"}],"author":[{"embeddable":true,"href":"https:\/\/www.rockwerkstatt.de\/index.php?rest_route=\/wp\/v2\/users\/2"}],"replies":[{"embeddable":true,"href":"https:\/\/www.rockwerkstatt.de\/index.php?rest_route=%2Fwp%2Fv2%2Fcomments&post=3005"}],"version-history":[{"count":15,"href":"https:\/\/www.rockwerkstatt.de\/index.php?rest_route=\/wp\/v2\/pages\/3005\/revisions"}],"predecessor-version":[{"id":5808,"href":"https:\/\/www.rockwerkstatt.de\/index.php?rest_route=\/wp\/v2\/pages\/3005\/revisions\/5808"}],"wp:attachment":[{"href":"https:\/\/www.rockwerkstatt.de\/index.php?rest_route=%2Fwp%2Fv2%2Fmedia&parent=3005"}],"curies":[{"name":"wp","href":"https:\/\/api.w.org\/{rel}","templated":true}]}}