{"id":315,"date":"2010-03-04T20:21:49","date_gmt":"2010-03-04T19:21:49","guid":{"rendered":"http:\/\/wp1180065.server-he.de\/wordpress\/rockwerkstatt\/?page_id=315"},"modified":"2022-11-21T23:15:17","modified_gmt":"2022-11-21T22:15:17","slug":"mitglied-werden","status":"publish","type":"page","link":"https:\/\/www.rockwerkstatt.de\/?page_id=315","title":{"rendered":"Mitglied werden"},"content":{"rendered":"<p><a href=\"http:\/\/wp1180065.server-he.de\/wordpress\/rockwerkstatt\/wp-content\/uploads\/2010\/03\/rw-pass.jpg\"><img loading=\"lazy\" decoding=\"async\" class=\"size-full wp-image-811 alignright\" style=\"margin: 20px; border: 1px solid #000000;\" src=\"http:\/\/wp1180065.server-he.de\/wordpress\/rockwerkstatt\/wp-content\/uploads\/2010\/03\/rw-pass.jpg\" alt=\"\" width=\"300\" height=\"150\" \/><\/a><strong>Noch kein Mitglied?<\/strong><\/p>\n<p>Wenn Du Mitglied werden willst, kannst Du den folgenden Link anklicken und unser Beitrittsformular als PDF-Datei herunterladen: <span style=\"color: #ff0000;\"><a href=\"http:\/\/wp1180065.server-he.de\/wordpress\/rockwerkstatt\/wp-content\/uploads\/2019\/01\/Beitritt-LRw.pdf\"><span style=\"color: #ff0000;\">Beitritt LRw<\/span><\/a><\/span><\/p>\n<p>Nat\u00fcrlich ist die Mitgliedschaft nicht kostenlos, aber 10 bzw. 16 Euro im Jahr sind auch nicht gerade viel und &#8230; es lohnt sich! Besonders wenn Du unsere Arbeit unterst\u00fctzen willst. Au\u00dferdem bekommst du als Mitglied bei allen unseren Veranstaltungen den erm\u00e4\u00dfigten Eintrittspreis.<\/p>\n<p>Also runterladen, ausf\u00fcllen und an die Adresse auf dem Formular schicken.<\/p>\n","protected":false},"excerpt":{"rendered":"<p>Noch kein Mitglied? Wenn Du Mitglied werden willst, kannst Du&#8230;<\/p>\n","protected":false},"author":1,"featured_media":0,"parent":0,"menu_order":200,"comment_status":"closed","ping_status":"closed","template":"","meta":{"footnotes":"","_links_to":"","_links_to_target":""},"class_list":["post-315","page","type-page","status-publish","hentry","wpcat-1-id"],"_links":{"self":[{"href":"https:\/\/www.rockwerkstatt.de\/index.php?rest_route=\/wp\/v2\/pages\/315","targetHints":{"allow":["GET"]}}],"collection":[{"href":"https:\/\/www.rockwerkstatt.de\/index.php?rest_route=\/wp\/v2\/pages"}],"about":[{"href":"https:\/\/www.rockwerkstatt.de\/index.php?rest_route=\/wp\/v2\/types\/page"}],"author":[{"embeddable":true,"href":"https:\/\/www.rockwerkstatt.de\/index.php?rest_route=\/wp\/v2\/users\/1"}],"replies":[{"embeddable":true,"href":"https:\/\/www.rockwerkstatt.de\/index.php?rest_route=%2Fwp%2Fv2%2Fcomments&post=315"}],"version-history":[{"count":27,"href":"https:\/\/www.rockwerkstatt.de\/index.php?rest_route=\/wp\/v2\/pages\/315\/revisions"}],"predecessor-version":[{"id":5790,"href":"https:\/\/www.rockwerkstatt.de\/index.php?rest_route=\/wp\/v2\/pages\/315\/revisions\/5790"}],"wp:attachment":[{"href":"https:\/\/www.rockwerkstatt.de\/index.php?rest_route=%2Fwp%2Fv2%2Fmedia&parent=315"}],"curies":[{"name":"wp","href":"https:\/\/api.w.org\/{rel}","templated":true}]}}