{"id":3985,"date":"2016-01-18T01:47:56","date_gmt":"2016-01-18T00:47:56","guid":{"rendered":"http:\/\/wp1180065.server-he.de\/wordpress\/rockwerkstatt\/?page_id=3985"},"modified":"2022-11-21T23:15:41","modified_gmt":"2022-11-21T22:15:41","slug":"faq","status":"publish","type":"page","link":"https:\/\/www.rockwerkstatt.de\/?page_id=3985","title":{"rendered":"FAQ &#8211; h\u00e4ufig gestellte Fragen"},"content":{"rendered":"<p><strong>Wer ist die &#8222;Lahrer Rockwerkstatt e.V.?<\/strong><\/p>\n<p>Die Lahrer Rockwerkstatt ist ein gemeinn\u00fctziger Verein, der seit 1996 besteht. Wir f\u00f6rdern und unterst\u00fctzen Rockmusik in und um Lahr. \u00a0Unsere ehrenamtlichen Arbeitsfelder sind die<\/p>\n<ul>\n<li>Organisation von Konzerten (in Zusammenarbeit mit der Stadt Lahr im st\u00e4dtischen Schlachthof &#8211; Jugend &amp; Kultur)<\/li>\n<li>Bereitstellung von Prober\u00e4umen<\/li>\n<li>Durchf\u00fchrung von Workshops und vieles mehr.<\/li>\n<\/ul>\n<p><strong>Wie kann ich Rockwerkstatt-Mitglied werden?<\/strong><\/p>\n<p>Du m\u00f6chtest bei uns Mitglied werden? Klicke die folgende PDF Datei an: <a href=\"http:\/\/wp1180065.server-he.de\/wordpress\/rockwerkstatt\/wp-content\/uploads\/2019\/01\/Beitritt-LRw.pdf\">Beitritt-LRw<\/a>. Einfach ausdrucken, ausf\u00fcllen und an die Adresse auf dem Formular schicken.<\/p>\n<p><strong>Was kostet die Mitgliedschaft?<\/strong><\/p>\n<p>Was bekommt man heute schon noch kostenlos &#8230; , aber 10 bzw. 16 Euro im Jahr sind auch nicht gerade viel und es lohnt sich! Besonders wenn Du unsere kulturelle Arbeit unterst\u00fctzen willst.<\/p>\n<p><strong>Welche Pflichten habe ich, wenn ich Mitglied der Rockwerkstatt bin?<\/strong><\/p>\n<p>Mit der Mitgliedschaft gehst Du keinerlei Verpflichtungen ein. Du musst den Vorstand lediglich zu \u00c4nderungen an Deinen pers\u00f6nlichen Daten informieren, also die\u00a0 \u00c4nderungen Deiner Anschrift, Wohnort, Telefonnummer, Emailadresse &#8211; wer will schon eine Karteileiche werden, die keine Infos mehr bekommt.<\/p>\n<p>Du kannst aber auch etwas f\u00fcr den Verein tun. \u00dcber Dein freiwilliges Engagement freuen wir uns nat\u00fcrlich sehr. Es kommt allen zugute!<\/p>\n<p><strong>Meine Band m\u00f6chte bei einer Rockwerkstatt-Veranstaltung im Schlachthof spielen. An wen wende ich mich?<\/strong><\/p>\n<p>Unsere Konzerte finden i.d.R. an Samstagen in der gro\u00dfen Halle statt.<\/p>\n<p>Neben unseren Konzerten gibt es noch die Konzerte der &#8222;Liveschicht&#8220; am Donnerstag\u00a0 (veranstaltet vom P\u00e4chter des Bistro im Schlachthof &#8211; s.u.) und Konzerte des Kulturamts Lahr.<\/p>\n<p>Wir sind vor allem eine <strong>Plattform f\u00fcr regionale Bands<\/strong> &#8211; was aber nicht bedeutet, dass nur Bands aus der Region bei uns auftreten.<\/p>\n<p>Interesierte Bands k\u00f6nnen uns gerne ein Mail schicken &#8211;&gt; rockwerkstatt(\u00e4t)gmx.de. Bitte gebt uns einfach einen kurzen Steckbrief eurer Band, damit wir erkennen k\u00f6nnen, ob ihr in unser Anforderungsprofil passt. &#8222;Ungenaue Bewerbungen&#8220; werden von uns nicht ber\u00fccksichtigt! (Die Kontaktdaten m\u00fcssen eindeutig sein und Anschrift, Mailadresse und Telefonnummer enthalten &#8211; ein Link auf eine <strong>Facebook- oder Instaseite etc. gen\u00fcgt uns leider nicht!<\/strong>) Beachtet bitte, dass unser Programm immer ein halbes bis ganzes Jahr im Voraus gestaltet wird.\u00a0 Sollten wir Interesse haben, melden wir uns bei euch. Habt bitte Verst\u00e4ndniss, dass wir keine Absagen versenden k\u00f6nnen. Wir bekommen teilweise mehrere Bewerbungen pro Tag und haben leider keine Sekret\u00e4rin sondern arbeiten ehrenamtlich &#8211; au\u00dferdem hat ein Tag nur 24 Stunden.<\/p>\n<p><strong>Meine Band m\u00f6chte im Schlachthof spielen. Muss ich hierf\u00fcr ein Mitglied der Rockwerkstatt e.V. sein?<\/strong><\/p>\n<p>Nein! Auf unseren Veranstaltungen spielen auch &#8222;Nicht-Rockwerkstatt&#8220;-Bands &#8211; denn gerade das macht es ja interessant. Nat\u00fcrlich m\u00fcssen wir auch unseren Rockwerkstatt-Bands ausreichend Chancen auf einen Termin im Schlachthof bieten. Wir bem\u00fchen uns stets die richtige &#8222;Mischung&#8220; zu schaffen!<br \/><strong><br \/>Welche Bedingungen m\u00fcssen erf\u00fcllt werden, damit meine Band im Schlachthof spielen darf?<\/strong><\/p>\n<p>Bedingungen sind:<\/p>\n<ul>\n<li>Eure Musik muss uns gefallen.<\/li>\n<li>die Programmgestaltung liegt bei uns (wir geben Euch Terminvorschl\u00e4ge &#8211; Beachtet bitte, dass unser Programm immer ein halbes bis ganzes Jahr im Voraus gestaltet wird.)<\/li>\n<li>die Durchf\u00fchrung der Veranstaltung unterliegt der Rockwerkstatt (Plakate, Werbung, Presse, Eintritt, Getr\u00e4nkeverkauf, Catering, B\u00fchne, Technik, GEMA und ggf. Gage &#8211; in der Regel machen wir einen 70\/30 Eintrittsdeal)<\/li>\n<li>die teilnehmenden Bands helfen bei Auf- und Abbau sowie der Reinigung nach Ende der Veranstaltung.<\/li>\n<li>wir akzeptieren keine Bands mit fremdenfeindlichen oder rechtsextremem Hintergrund!<\/li>\n<\/ul>\n<p><strong>Meine Band hat sich schon mehrmals um einen Schlachthof-Auftritt beworben. Jedoch ohne Erfolg! Warum?<\/strong><\/p>\n<p>Wir bekommen eine Flut von Anfragen. Viele dieser Anfragen passen nicht in unser Anforderungsprofil oder sind schlichtweg unzureichend <em>(&#8222;Hey wir wollen spielen &#8211; schau doch mal auf unserer Facebookseite &#8230;&#8220;<\/em>) und wandern umgehend in den Papierkorb.<\/p>\n<p>Falls es nicht geklappt hat, probiert es einfach noch einmal bzw. versucht erst mal Mittwochs bei der Liveschicht aufzutreten! Beachtet bitte, dass unser Programm immer ein halbes bis ganzes Jahr im Voraus gestaltet wird. Wunschterminen k\u00f6nnen wir nicht nachkommen!<\/p>\n<p><strong>Was ist die &#8222;Liveschicht&#8220; im Schlachthof?<\/strong><\/p>\n<p>Die &#8222;Liveschicht&#8220; findet im angeschlossenen Bistro im Schlachthof (nicht im gro\u00dfen Saal) des Schlachthofs statt. Es handelt sich um eine kleine, minimal ausgestattete B\u00fchne welche immer Donnerstags f\u00fcr Bands und Musiker aller Art ge\u00f6ffnet ist.<\/p>\n<p><strong>Ich m\u00f6chte mit meiner Band am Mittwoch in der &#8222;Liveschicht&#8220; auftreten<\/strong><\/p>\n<p>Die Donnerstags-Konzerte der &#8222;Liveschicht&#8220; werden von Wirt des Bistro im Schlachthof veranstaltet und finden auch dort statt. Momentan (Stand 07\/2022) gibt es einen P\u00e4chterwechsel &#8211; sobald der neue P\u00e4chter feststeht gibt es hier die Kontaktdaten.<\/p>\n<p><strong>Meine Band m\u00f6chte einen Proberaum mieten. An Wen wende ich mich?<\/strong><\/p>\n<p>Unsere Probe\u00e4ume sind i.d.R: &#8222;in festen H\u00e4nden&#8220; &#8211; frei wir d meist nur etwas, wenn sich eine Band aufl\u00f6st. Falls du Interesse hast, kannst Du Dich bei uns mit Deiner Band f\u00fcr einen Proberaum &#8222;registrieren&#8220;. Wir setzten Dich\/Euch dann erst einmal auf eine Warteliste. Die Anzahl unserer begehrten Prober\u00e4ume ist begrenzt und die Zahl der Anw\u00e4rter ist gro\u00df.<\/p>\n<p>Die Stadt Lahr verwaltet selbst auch noch einen Proberaum mit mehreren Probem\u00f6glichkeiten f\u00fcr junge Bands, dort ist die Fluktuation etwas h\u00f6her. Wendet Euch daf\u00fcr einfach an folgende Mailadresse: team(\u00e4t)schlachthof-lahr.de .<\/p>\n<p><strong>Wie viel Miete kostet ein Proberaum?<\/strong><\/p>\n<p>Unsere Prober\u00e4ume sind unterschiedlich gro\u00df. Die Miete h\u00e4ngt deshalb von der Gr\u00f6\u00dfe des Raumes ab. Sie verringert sich, wenn sich mehrere Bands einen Proberaum teilen. Ab 65 Euro (3 Bands in ein Raum) ist man dabei und wie im richtigen Leben sind die Suiten bzw. die Zimmer mit Meerblick teurer . Die Miete enth\u00e4lt Strom und Heizkosten! F\u00fcr die Schl\u00fcssel erheben wir 50 Euro Kaution pro Schl\u00fcssel, da es sich hier um eine aufwendige Schlie\u00dfanlage mit speziellen Magnetschl\u00fcsseln handelt!<\/p>\n<p><strong>Unter welchen Auflagen wird ein Proberaum vermietet?<\/strong><\/p>\n<ul>\n<li>Der Proberaum ist einzig zum Proben und kein Partykeller f\u00fcr Konzerte, Geburtstage &#8230;<\/li>\n<li>Die Mietpartei\/Band tr\u00e4gt die Verantwortung f\u00fcr die Nutzung der R\u00e4ume, der Flure, der Toiletten und den Parkplatz.<\/li>\n<li>Die Mietpartei\/Band hat sich an die Hausordnung (&#8222;Bunkerordnung&#8220;) zu halten.<\/li>\n<\/ul>\n<ul>\n<li>Die Bandmitglieder m\u00fcssen Mitglied der Rockwerkstatt sein (oder Mitglied werden)<\/li>\n<\/ul>\n<ul>\n<li>Die Mietpartei\/Band muss dem Vorstand s\u00e4mtliche Adressen und Telefonnummer der Bandmitglieder angeben. Ver\u00e4nderungen innerhalb der Band (Formationswechsel, Namen\u00e4nderung) sind mitzuteilen<\/li>\n<li>Die Mietpartei\/Band hat &#8222;Bunkersitzungen&#8220; beizuwohnen!<\/li>\n<\/ul>\n<p><strong>Was passiert, wenn ich mich nicht an die &#8222;Bunkerordnung&#8220; halte oder die Regeln verletze?<\/strong><\/p>\n<p>Ihr bekommt von uns eine schriftliche oder m\u00fcndliche Verwarnung. Wird der Missstand nicht behoben oder kommt ein weiteres Mal vor, dann hat der Vorstand das Recht Euch aus dem Proberaum das Mietverh\u00e4ltnis zu k\u00fcndigen. Wir vermieten den Raum dann an eine andere Band bzw. an den n\u00e4chsten Anw\u00e4rter!<\/p>\n<p><strong>Ich m\u00f6chte meine Mitgliedschaft in der Rockwerkstatt k\u00fcndigen. Wie mache ich das?<\/strong><\/p>\n<p>Teile uns Deine K\u00fcndigung bitte schriftlich mit. Beachte bitte auch, dass wir Deine Mitgliedschaft automatisch k\u00fcndigen, wenn keine Beitragszahlungen mehr auf unserem Konto eingehen!<\/p>\n\n\n<p><\/p>\n","protected":false},"excerpt":{"rendered":"<p>Wer ist die &#8222;Lahrer Rockwerkstatt e.V.? Die Lahrer Rockwerkstatt ist&#8230;<\/p>\n","protected":false},"author":2,"featured_media":0,"parent":818,"menu_order":0,"comment_status":"closed","ping_status":"closed","template":"","meta":{"footnotes":"","_links_to":"","_links_to_target":""},"class_list":["post-3985","page","type-page","status-publish","hentry"],"_links":{"self":[{"href":"https:\/\/www.rockwerkstatt.de\/index.php?rest_route=\/wp\/v2\/pages\/3985","targetHints":{"allow":["GET"]}}],"collection":[{"href":"https:\/\/www.rockwerkstatt.de\/index.php?rest_route=\/wp\/v2\/pages"}],"about":[{"href":"https:\/\/www.rockwerkstatt.de\/index.php?rest_route=\/wp\/v2\/types\/page"}],"author":[{"embeddable":true,"href":"https:\/\/www.rockwerkstatt.de\/index.php?rest_route=\/wp\/v2\/users\/2"}],"replies":[{"embeddable":true,"href":"https:\/\/www.rockwerkstatt.de\/index.php?rest_route=%2Fwp%2Fv2%2Fcomments&post=3985"}],"version-history":[{"count":17,"href":"https:\/\/www.rockwerkstatt.de\/index.php?rest_route=\/wp\/v2\/pages\/3985\/revisions"}],"predecessor-version":[{"id":7576,"href":"https:\/\/www.rockwerkstatt.de\/index.php?rest_route=\/wp\/v2\/pages\/3985\/revisions\/7576"}],"up":[{"embeddable":true,"href":"https:\/\/www.rockwerkstatt.de\/index.php?rest_route=\/wp\/v2\/pages\/818"}],"wp:attachment":[{"href":"https:\/\/www.rockwerkstatt.de\/index.php?rest_route=%2Fwp%2Fv2%2Fmedia&parent=3985"}],"curies":[{"name":"wp","href":"https:\/\/api.w.org\/{rel}","templated":true}]}}