{"id":6968,"date":"2020-08-20T12:45:56","date_gmt":"2020-08-20T10:45:56","guid":{"rendered":"http:\/\/wp1180065.server-he.de\/wordpress\/rockwerkstatt\/?page_id=6968"},"modified":"2022-07-05T21:36:19","modified_gmt":"2022-07-05T19:36:19","slug":"we-live","status":"publish","type":"page","link":"https:\/\/www.rockwerkstatt.de\/?page_id=6968","title":{"rendered":"We Live"},"content":{"rendered":"\n<p>Die  Corona-Krise hat uns, alle anderen Konzertlocations und die Kultur im Allgemeinen hart getroffen. \u00dcber Monate stand der Betrieb still &#8211; nat\u00fcrlich ein schwerer Schlag f\u00fcr uns und f\u00fcr  unsere K\u00fcnstler. Aber wir haben zusammen mit dem punchline studio das Licht im &#8222;Schlachthof Lahr&#8220; wieder angeschaltet &#8211; f\u00fcr Konzertfilme im gro\u00dfen Stil. <br>Das &#8222;WeLive&#8220;-Festival ist eine  Initiative zur Unterst\u00fctzung der Kunst in Zeiten der Corona-Pandemie.  Wir schenken K\u00fcnstlern und Bands jeden Genres die gro\u00dfe  Konzertfilmb\u00fchne: 10 Kameras, gro\u00dfe Lichtshow und perfekter Sound! <\/p>\n\n\n\n<figure class=\"wp-block-image\"><a href=\"https:\/\/www.welive-festival.com\/\" target=\"_blank\" rel=\"noreferrer noopener\"><img loading=\"lazy\" decoding=\"async\" width=\"1024\" height=\"404\" src=\"http:\/\/wp1180065.server-he.de\/wordpress\/rockwerkstatt\/wp-content\/uploads\/2020\/08\/WeLiveWebseite1200-web-1024x404.jpg\" alt=\"\" class=\"wp-image-6952\" srcset=\"https:\/\/www.rockwerkstatt.de\/wp-content\/uploads\/2020\/08\/WeLiveWebseite1200-web-1024x404.jpg 1024w, https:\/\/www.rockwerkstatt.de\/wp-content\/uploads\/2020\/08\/WeLiveWebseite1200-web-300x118.jpg 300w, https:\/\/www.rockwerkstatt.de\/wp-content\/uploads\/2020\/08\/WeLiveWebseite1200-web-768x303.jpg 768w, https:\/\/www.rockwerkstatt.de\/wp-content\/uploads\/2020\/08\/WeLiveWebseite1200-web-400x158.jpg 400w, https:\/\/www.rockwerkstatt.de\/wp-content\/uploads\/2020\/08\/WeLiveWebseite1200-web.jpg 1200w\" sizes=\"auto, (max-width: 1024px) 100vw, 1024px\" \/><\/a><\/figure>\n\n\n\n<p>Alle Filme von &#8222;WeLive&#8220; und dem Nachfolgeprojekt &#8222;WeLive on tour&#8220; k\u00f6nnen auf dieser Seite angeschaut werden &#8211; einfach das obere Bild anklicken. Und alle, die es verpasst haben uns beim Crowdfunding zu unterst\u00fctzen, k\u00f6nnen es dort gerne nachholen :-).<\/p>\n\n\n\n<ul class=\"wp-block-gallery columns-3 is-cropped wp-block-gallery-1 is-layout-flex wp-block-gallery-is-layout-flex\"><li class=\"blocks-gallery-item\"><figure><img loading=\"lazy\" decoding=\"async\" width=\"1024\" height=\"683\" src=\"http:\/\/wp1180065.server-he.de\/wordpress\/rockwerkstatt\/wp-content\/uploads\/2020\/05\/DSC03032-1-1024x683.jpg\" alt=\"\" data-id=\"6634\" data-link=\"http:\/\/wp1180065.server-he.de\/wordpress\/rockwerkstatt\/?attachment_id=6634\" class=\"wp-image-6634\" srcset=\"https:\/\/www.rockwerkstatt.de\/wp-content\/uploads\/2020\/05\/DSC03032-1-1024x683.jpg 1024w, https:\/\/www.rockwerkstatt.de\/wp-content\/uploads\/2020\/05\/DSC03032-1-300x200.jpg 300w, https:\/\/www.rockwerkstatt.de\/wp-content\/uploads\/2020\/05\/DSC03032-1-768x512.jpg 768w, https:\/\/www.rockwerkstatt.de\/wp-content\/uploads\/2020\/05\/DSC03032-1-400x267.jpg 400w\" sizes=\"auto, (max-width: 1024px) 100vw, 1024px\" \/><\/figure><\/li><li class=\"blocks-gallery-item\"><figure><img loading=\"lazy\" decoding=\"async\" width=\"1024\" height=\"683\" src=\"http:\/\/wp1180065.server-he.de\/wordpress\/rockwerkstatt\/wp-content\/uploads\/2020\/06\/VWDSC03071-1024x683.jpg\" alt=\"\" data-id=\"6730\" data-link=\"http:\/\/wp1180065.server-he.de\/wordpress\/rockwerkstatt\/?attachment_id=6730\" class=\"wp-image-6730\" srcset=\"https:\/\/www.rockwerkstatt.de\/wp-content\/uploads\/2020\/06\/VWDSC03071-1024x683.jpg 1024w, https:\/\/www.rockwerkstatt.de\/wp-content\/uploads\/2020\/06\/VWDSC03071-300x200.jpg 300w, https:\/\/www.rockwerkstatt.de\/wp-content\/uploads\/2020\/06\/VWDSC03071-768x512.jpg 768w, https:\/\/www.rockwerkstatt.de\/wp-content\/uploads\/2020\/06\/VWDSC03071-400x267.jpg 400w\" sizes=\"auto, (max-width: 1024px) 100vw, 1024px\" \/><\/figure><\/li><li class=\"blocks-gallery-item\"><figure><img loading=\"lazy\" decoding=\"async\" width=\"1024\" height=\"683\" src=\"http:\/\/wp1180065.server-he.de\/wordpress\/rockwerkstatt\/wp-content\/uploads\/2020\/05\/DSC03035-1-1024x683.jpg\" alt=\"\" data-id=\"6618\" data-link=\"http:\/\/wp1180065.server-he.de\/wordpress\/rockwerkstatt\/?attachment_id=6618\" class=\"wp-image-6618\" srcset=\"https:\/\/www.rockwerkstatt.de\/wp-content\/uploads\/2020\/05\/DSC03035-1-1024x683.jpg 1024w, https:\/\/www.rockwerkstatt.de\/wp-content\/uploads\/2020\/05\/DSC03035-1-300x200.jpg 300w, https:\/\/www.rockwerkstatt.de\/wp-content\/uploads\/2020\/05\/DSC03035-1-768x512.jpg 768w, https:\/\/www.rockwerkstatt.de\/wp-content\/uploads\/2020\/05\/DSC03035-1-400x267.jpg 400w\" sizes=\"auto, (max-width: 1024px) 100vw, 1024px\" \/><\/figure><\/li><li class=\"blocks-gallery-item\"><figure><img loading=\"lazy\" decoding=\"async\" width=\"683\" height=\"1024\" src=\"http:\/\/wp1180065.server-he.de\/wordpress\/rockwerkstatt\/wp-content\/uploads\/2020\/05\/DSC02901hoch-683x1024.jpg\" alt=\"\" data-id=\"6619\" data-link=\"http:\/\/wp1180065.server-he.de\/wordpress\/rockwerkstatt\/?attachment_id=6619\" class=\"wp-image-6619\" srcset=\"https:\/\/www.rockwerkstatt.de\/wp-content\/uploads\/2020\/05\/DSC02901hoch-683x1024.jpg 683w, https:\/\/www.rockwerkstatt.de\/wp-content\/uploads\/2020\/05\/DSC02901hoch-200x300.jpg 200w, https:\/\/www.rockwerkstatt.de\/wp-content\/uploads\/2020\/05\/DSC02901hoch-768x1152.jpg 768w, https:\/\/www.rockwerkstatt.de\/wp-content\/uploads\/2020\/05\/DSC02901hoch-400x600.jpg 400w\" sizes=\"auto, (max-width: 683px) 100vw, 683px\" \/><\/figure><\/li><li class=\"blocks-gallery-item\"><figure><img loading=\"lazy\" decoding=\"async\" width=\"1024\" height=\"683\" src=\"http:\/\/wp1180065.server-he.de\/wordpress\/rockwerkstatt\/wp-content\/uploads\/2020\/05\/DSC02921-1-1024x683.jpg\" alt=\"\" data-id=\"6629\" data-link=\"http:\/\/wp1180065.server-he.de\/wordpress\/rockwerkstatt\/?attachment_id=6629\" class=\"wp-image-6629\" srcset=\"https:\/\/www.rockwerkstatt.de\/wp-content\/uploads\/2020\/05\/DSC02921-1-1024x683.jpg 1024w, https:\/\/www.rockwerkstatt.de\/wp-content\/uploads\/2020\/05\/DSC02921-1-300x200.jpg 300w, https:\/\/www.rockwerkstatt.de\/wp-content\/uploads\/2020\/05\/DSC02921-1-768x512.jpg 768w, https:\/\/www.rockwerkstatt.de\/wp-content\/uploads\/2020\/05\/DSC02921-1-400x267.jpg 400w\" sizes=\"auto, (max-width: 1024px) 100vw, 1024px\" \/><\/figure><\/li><li class=\"blocks-gallery-item\"><figure><img loading=\"lazy\" decoding=\"async\" width=\"1024\" height=\"683\" src=\"http:\/\/wp1180065.server-he.de\/wordpress\/rockwerkstatt\/wp-content\/uploads\/2020\/05\/DSC02984-1-1024x683.jpg\" alt=\"\" data-id=\"6633\" data-link=\"http:\/\/wp1180065.server-he.de\/wordpress\/rockwerkstatt\/?attachment_id=6633\" class=\"wp-image-6633\" srcset=\"https:\/\/www.rockwerkstatt.de\/wp-content\/uploads\/2020\/05\/DSC02984-1-1024x683.jpg 1024w, https:\/\/www.rockwerkstatt.de\/wp-content\/uploads\/2020\/05\/DSC02984-1-300x200.jpg 300w, https:\/\/www.rockwerkstatt.de\/wp-content\/uploads\/2020\/05\/DSC02984-1-768x512.jpg 768w, https:\/\/www.rockwerkstatt.de\/wp-content\/uploads\/2020\/05\/DSC02984-1-400x267.jpg 400w\" sizes=\"auto, (max-width: 1024px) 100vw, 1024px\" \/><\/figure><\/li><li class=\"blocks-gallery-item\"><figure><img loading=\"lazy\" decoding=\"async\" width=\"1024\" height=\"599\" src=\"http:\/\/wp1180065.server-he.de\/wordpress\/rockwerkstatt\/wp-content\/uploads\/2020\/08\/OIL-1-web-1024x599.jpg\" alt=\"\" data-id=\"7037\" data-link=\"http:\/\/wp1180065.server-he.de\/wordpress\/rockwerkstatt\/?attachment_id=7037\" class=\"wp-image-7037\" srcset=\"https:\/\/www.rockwerkstatt.de\/wp-content\/uploads\/2020\/08\/OIL-1-web-1024x599.jpg 1024w, https:\/\/www.rockwerkstatt.de\/wp-content\/uploads\/2020\/08\/OIL-1-web-300x176.jpg 300w, https:\/\/www.rockwerkstatt.de\/wp-content\/uploads\/2020\/08\/OIL-1-web-768x449.jpg 768w, https:\/\/www.rockwerkstatt.de\/wp-content\/uploads\/2020\/08\/OIL-1-web-400x234.jpg 400w, https:\/\/www.rockwerkstatt.de\/wp-content\/uploads\/2020\/08\/OIL-1-web.jpg 1200w\" sizes=\"auto, (max-width: 1024px) 100vw, 1024px\" \/><\/figure><\/li><li class=\"blocks-gallery-item\"><figure><img loading=\"lazy\" decoding=\"async\" width=\"1007\" height=\"755\" src=\"http:\/\/wp1180065.server-he.de\/wordpress\/rockwerkstatt\/wp-content\/uploads\/2020\/06\/Modi-3.jpg\" alt=\"\" data-id=\"6741\" data-link=\"http:\/\/wp1180065.server-he.de\/wordpress\/rockwerkstatt\/?attachment_id=6741\" class=\"wp-image-6741\" srcset=\"https:\/\/www.rockwerkstatt.de\/wp-content\/uploads\/2020\/06\/Modi-3.jpg 1007w, https:\/\/www.rockwerkstatt.de\/wp-content\/uploads\/2020\/06\/Modi-3-300x225.jpg 300w, https:\/\/www.rockwerkstatt.de\/wp-content\/uploads\/2020\/06\/Modi-3-768x576.jpg 768w, https:\/\/www.rockwerkstatt.de\/wp-content\/uploads\/2020\/06\/Modi-3-480x360.jpg 480w, https:\/\/www.rockwerkstatt.de\/wp-content\/uploads\/2020\/06\/Modi-3-400x300.jpg 400w\" sizes=\"auto, (max-width: 1007px) 100vw, 1007px\" \/><\/figure><\/li><li class=\"blocks-gallery-item\"><figure><img loading=\"lazy\" decoding=\"async\" width=\"1024\" height=\"683\" src=\"http:\/\/wp1180065.server-he.de\/wordpress\/rockwerkstatt\/wp-content\/uploads\/2020\/08\/NA-4_web-1024x683.jpg\" alt=\"\" data-id=\"7038\" data-link=\"http:\/\/wp1180065.server-he.de\/wordpress\/rockwerkstatt\/?attachment_id=7038\" class=\"wp-image-7038\" srcset=\"https:\/\/www.rockwerkstatt.de\/wp-content\/uploads\/2020\/08\/NA-4_web-1024x683.jpg 1024w, https:\/\/www.rockwerkstatt.de\/wp-content\/uploads\/2020\/08\/NA-4_web-300x200.jpg 300w, https:\/\/www.rockwerkstatt.de\/wp-content\/uploads\/2020\/08\/NA-4_web-768x512.jpg 768w, https:\/\/www.rockwerkstatt.de\/wp-content\/uploads\/2020\/08\/NA-4_web-400x267.jpg 400w, https:\/\/www.rockwerkstatt.de\/wp-content\/uploads\/2020\/08\/NA-4_web.jpg 1200w\" sizes=\"auto, (max-width: 1024px) 100vw, 1024px\" \/><\/figure><\/li><\/ul>\n\n\n\n<p style=\"text-align:center\">Impressionen von den Filmdrehtagen<\/p>\n\n\n\n<p>Das &#8222;WeLive&#8220; Online &#8211; Musikfestival ist eine gemeinsames Projekt der <strong>Lahrer Rockwerkstatt e. V.<\/strong>, der Medienproduktionsfirma <a rel=\"noreferrer noopener\" href=\"http:\/\/film-und-ton.de\" target=\"_blank\"><strong>punchline studio<\/strong><\/a> und des <a rel=\"noreferrer noopener\" href=\"http:\/\/schlachthof-lahr.de\" target=\"_blank\"><strong>Schlachthof Jugend &amp; Kultur Lahr<\/strong><\/a>.<\/p>\n\n\n\n<p><strong>\u201eWeLive\u201c wird unterst\u00fctzt von folgenden Partnern und nat\u00fcrlich von allen Spendern auf unserer Crowdfunding-Aktion auf StartNext:<\/strong><\/p>\n\n\n\n<ul class=\"wp-block-gallery columns-3 is-cropped wp-block-gallery-2 is-layout-flex wp-block-gallery-is-layout-flex\"><li class=\"blocks-gallery-item\"><figure><img loading=\"lazy\" decoding=\"async\" width=\"378\" height=\"331\" src=\"http:\/\/wp1180065.server-he.de\/wordpress\/rockwerkstatt\/wp-content\/uploads\/2020\/08\/Lions-Club1-klein_web-1.jpg\" alt=\"\" data-id=\"6994\" data-link=\"http:\/\/wp1180065.server-he.de\/wordpress\/rockwerkstatt\/?attachment_id=6994\" class=\"wp-image-6994\" srcset=\"https:\/\/www.rockwerkstatt.de\/wp-content\/uploads\/2020\/08\/Lions-Club1-klein_web-1.jpg 378w, https:\/\/www.rockwerkstatt.de\/wp-content\/uploads\/2020\/08\/Lions-Club1-klein_web-1-300x263.jpg 300w\" sizes=\"auto, (max-width: 378px) 100vw, 378px\" \/><\/figure><\/li><li class=\"blocks-gallery-item\"><figure><img loading=\"lazy\" decoding=\"async\" width=\"378\" height=\"331\" src=\"http:\/\/wp1180065.server-he.de\/wordpress\/rockwerkstatt\/wp-content\/uploads\/2020\/08\/Sparkasse-klein-web-1.jpg\" alt=\"\" data-id=\"6995\" data-link=\"http:\/\/wp1180065.server-he.de\/wordpress\/rockwerkstatt\/?attachment_id=6995\" class=\"wp-image-6995\" srcset=\"https:\/\/www.rockwerkstatt.de\/wp-content\/uploads\/2020\/08\/Sparkasse-klein-web-1.jpg 378w, https:\/\/www.rockwerkstatt.de\/wp-content\/uploads\/2020\/08\/Sparkasse-klein-web-1-300x263.jpg 300w\" sizes=\"auto, (max-width: 378px) 100vw, 378px\" \/><\/figure><\/li><li class=\"blocks-gallery-item\"><figure><img loading=\"lazy\" decoding=\"async\" width=\"378\" height=\"331\" src=\"http:\/\/wp1180065.server-he.de\/wordpress\/rockwerkstatt\/wp-content\/uploads\/2020\/08\/zermet-1-1.jpg\" alt=\"\" data-id=\"6996\" data-link=\"http:\/\/wp1180065.server-he.de\/wordpress\/rockwerkstatt\/?attachment_id=6996\" class=\"wp-image-6996\" srcset=\"https:\/\/www.rockwerkstatt.de\/wp-content\/uploads\/2020\/08\/zermet-1-1.jpg 378w, https:\/\/www.rockwerkstatt.de\/wp-content\/uploads\/2020\/08\/zermet-1-1-300x263.jpg 300w\" sizes=\"auto, (max-width: 378px) 100vw, 378px\" \/><\/figure><\/li><li class=\"blocks-gallery-item\"><figure><img loading=\"lazy\" decoding=\"async\" width=\"945\" height=\"827\" src=\"http:\/\/wp1180065.server-he.de\/wordpress\/rockwerkstatt\/wp-content\/uploads\/2020\/08\/Logo-SL-Kopie-web-1.jpg\" alt=\"\" data-id=\"6997\" data-link=\"http:\/\/wp1180065.server-he.de\/wordpress\/rockwerkstatt\/?attachment_id=6997\" class=\"wp-image-6997\" srcset=\"https:\/\/www.rockwerkstatt.de\/wp-content\/uploads\/2020\/08\/Logo-SL-Kopie-web-1.jpg 945w, https:\/\/www.rockwerkstatt.de\/wp-content\/uploads\/2020\/08\/Logo-SL-Kopie-web-1-300x263.jpg 300w, https:\/\/www.rockwerkstatt.de\/wp-content\/uploads\/2020\/08\/Logo-SL-Kopie-web-1-768x672.jpg 768w, https:\/\/www.rockwerkstatt.de\/wp-content\/uploads\/2020\/08\/Logo-SL-Kopie-web-1-400x350.jpg 400w\" sizes=\"auto, (max-width: 945px) 100vw, 945px\" \/><\/figure><\/li><li class=\"blocks-gallery-item\"><figure><img loading=\"lazy\" decoding=\"async\" width=\"378\" height=\"331\" src=\"http:\/\/wp1180065.server-he.de\/wordpress\/rockwerkstatt\/wp-content\/uploads\/2020\/08\/SCHLAGER3-klein_web-1.jpg\" alt=\"\" data-id=\"6998\" data-link=\"http:\/\/wp1180065.server-he.de\/wordpress\/rockwerkstatt\/?attachment_id=6998\" class=\"wp-image-6998\" srcset=\"https:\/\/www.rockwerkstatt.de\/wp-content\/uploads\/2020\/08\/SCHLAGER3-klein_web-1.jpg 378w, https:\/\/www.rockwerkstatt.de\/wp-content\/uploads\/2020\/08\/SCHLAGER3-klein_web-1-300x263.jpg 300w\" sizes=\"auto, (max-width: 378px) 100vw, 378px\" \/><\/figure><\/li><li class=\"blocks-gallery-item\"><figure><img loading=\"lazy\" decoding=\"async\" width=\"378\" height=\"331\" src=\"http:\/\/wp1180065.server-he.de\/wordpress\/rockwerkstatt\/wp-content\/uploads\/2020\/08\/Volksbank-wei\u00df1_klein-web-1.jpg\" alt=\"\" data-id=\"6999\" data-link=\"http:\/\/wp1180065.server-he.de\/wordpress\/rockwerkstatt\/?attachment_id=6999\" class=\"wp-image-6999\" srcset=\"https:\/\/www.rockwerkstatt.de\/wp-content\/uploads\/2020\/08\/Volksbank-wei\u00df1_klein-web-1.jpg 378w, https:\/\/www.rockwerkstatt.de\/wp-content\/uploads\/2020\/08\/Volksbank-wei\u00df1_klein-web-1-300x263.jpg 300w\" sizes=\"auto, (max-width: 378px) 100vw, 378px\" \/><\/figure><\/li><li class=\"blocks-gallery-item\"><figure><img loading=\"lazy\" decoding=\"async\" width=\"378\" height=\"331\" src=\"http:\/\/wp1180065.server-he.de\/wordpress\/rockwerkstatt\/wp-content\/uploads\/2020\/08\/1-SH_Logo_dunkel_web-1.jpg\" alt=\"\" data-id=\"7000\" data-link=\"http:\/\/wp1180065.server-he.de\/wordpress\/rockwerkstatt\/?attachment_id=7000\" class=\"wp-image-7000\" srcset=\"https:\/\/www.rockwerkstatt.de\/wp-content\/uploads\/2020\/08\/1-SH_Logo_dunkel_web-1.jpg 378w, https:\/\/www.rockwerkstatt.de\/wp-content\/uploads\/2020\/08\/1-SH_Logo_dunkel_web-1-300x263.jpg 300w\" sizes=\"auto, (max-width: 378px) 100vw, 378px\" \/><\/figure><\/li><li class=\"blocks-gallery-item\"><figure><img loading=\"lazy\" decoding=\"async\" width=\"378\" height=\"331\" src=\"http:\/\/wp1180065.server-he.de\/wordpress\/rockwerkstatt\/wp-content\/uploads\/2020\/08\/2-bzo1200_klein_web-2.jpg\" alt=\"\" data-id=\"7001\" data-link=\"http:\/\/wp1180065.server-he.de\/wordpress\/rockwerkstatt\/?attachment_id=7001\" class=\"wp-image-7001\" srcset=\"https:\/\/www.rockwerkstatt.de\/wp-content\/uploads\/2020\/08\/2-bzo1200_klein_web-2.jpg 378w, https:\/\/www.rockwerkstatt.de\/wp-content\/uploads\/2020\/08\/2-bzo1200_klein_web-2-300x263.jpg 300w\" sizes=\"auto, (max-width: 378px) 100vw, 378px\" \/><\/figure><\/li><li class=\"blocks-gallery-item\"><figure><img loading=\"lazy\" decoding=\"async\" width=\"378\" height=\"331\" src=\"http:\/\/wp1180065.server-he.de\/wordpress\/rockwerkstatt\/wp-content\/uploads\/2020\/08\/3-Neomy_web-2.jpg\" alt=\"\" data-id=\"7002\" data-link=\"http:\/\/wp1180065.server-he.de\/wordpress\/rockwerkstatt\/?attachment_id=7002\" class=\"wp-image-7002\" srcset=\"https:\/\/www.rockwerkstatt.de\/wp-content\/uploads\/2020\/08\/3-Neomy_web-2.jpg 378w, https:\/\/www.rockwerkstatt.de\/wp-content\/uploads\/2020\/08\/3-Neomy_web-2-300x263.jpg 300w\" sizes=\"auto, (max-width: 378px) 100vw, 378px\" \/><\/figure><\/li><\/ul>\n\n\n\n<p style=\"text-align:center\">Vielen Dank an alle Unterst\u00fctzer und die, die es noch werden wollen.<\/p>\n","protected":false},"excerpt":{"rendered":"<p>Die Corona-Krise hat uns, alle anderen Konzertlocations und die Kultur&#8230;<\/p>\n","protected":false},"author":2,"featured_media":0,"parent":0,"menu_order":0,"comment_status":"closed","ping_status":"closed","template":"","meta":{"footnotes":"","_links_to":"","_links_to_target":""},"class_list":["post-6968","page","type-page","status-publish","hentry"],"_links":{"self":[{"href":"https:\/\/www.rockwerkstatt.de\/index.php?rest_route=\/wp\/v2\/pages\/6968","targetHints":{"allow":["GET"]}}],"collection":[{"href":"https:\/\/www.rockwerkstatt.de\/index.php?rest_route=\/wp\/v2\/pages"}],"about":[{"href":"https:\/\/www.rockwerkstatt.de\/index.php?rest_route=\/wp\/v2\/types\/page"}],"author":[{"embeddable":true,"href":"https:\/\/www.rockwerkstatt.de\/index.php?rest_route=\/wp\/v2\/users\/2"}],"replies":[{"embeddable":true,"href":"https:\/\/www.rockwerkstatt.de\/index.php?rest_route=%2Fwp%2Fv2%2Fcomments&post=6968"}],"version-history":[{"count":18,"href":"https:\/\/www.rockwerkstatt.de\/index.php?rest_route=\/wp\/v2\/pages\/6968\/revisions"}],"predecessor-version":[{"id":7564,"href":"https:\/\/www.rockwerkstatt.de\/index.php?rest_route=\/wp\/v2\/pages\/6968\/revisions\/7564"}],"wp:attachment":[{"href":"https:\/\/www.rockwerkstatt.de\/index.php?rest_route=%2Fwp%2Fv2%2Fmedia&parent=6968"}],"curies":[{"name":"wp","href":"https:\/\/api.w.org\/{rel}","templated":true}]}}